{"id":580,"date":"2024-02-27T11:16:03","date_gmt":"2024-02-27T10:16:03","guid":{"rendered":"https:\/\/reparinfo.fr\/?page_id=580"},"modified":"2024-04-01T10:28:52","modified_gmt":"2024-04-01T08:28:52","slug":"tarifs-nettoyage","status":"publish","type":"page","link":"https:\/\/reparinfo.fr\/?page_id=580","title":{"rendered":"Tarifs &#8211; Nettoyage"},"content":{"rendered":"\t\t<div data-elementor-type=\"wp-page\" data-elementor-id=\"580\" class=\"elementor elementor-580\">\n\t\t\t\t<div class=\"elementor-element elementor-element-0b3b8e2 e-flex e-con-boxed e-con e-parent\" data-id=\"0b3b8e2\" data-element_type=\"container\">\n\t\t\t\t\t<div class=\"e-con-inner\">\n\t\t<div class=\"elementor-element elementor-element-e9523de e-flex e-con-boxed e-con e-child\" data-id=\"e9523de\" data-element_type=\"container\">\n\t\t\t\t\t<div class=\"e-con-inner\">\n\t\t\t\t<div class=\"elementor-element elementor-element-8c94f8e elementor-widget elementor-widget-heading\" data-id=\"8c94f8e\" data-element_type=\"widget\" data-widget_type=\"heading.default\">\n\t\t\t\t<div class=\"elementor-widget-container\">\n\t\t\t\t\t<h2 class=\"elementor-heading-title elementor-size-default\">NETTOYAGE<\/h2>\t\t\t\t<\/div>\n\t\t\t\t<\/div>\n\t\t\t\t\t<\/div>\n\t\t\t\t<\/div>\n\t\t\t\t\t<\/div>\n\t\t\t\t<\/div>\n\t\t<div class=\"elementor-element elementor-element-d01de2c e-flex e-con-boxed e-con e-parent\" data-id=\"d01de2c\" data-element_type=\"container\">\n\t\t\t\t\t<div class=\"e-con-inner\">\n\t\t<div class=\"elementor-element elementor-element-6b5bb5e e-con-full e-flex e-con e-child\" data-id=\"6b5bb5e\" data-element_type=\"container\" data-settings=\"{&quot;background_background&quot;:&quot;classic&quot;}\">\n\t\t\t\t<div class=\"elementor-element elementor-element-ededa2a elementor-widget-mobile__width-initial elementor-widget elementor-widget-heading\" data-id=\"ededa2a\" data-element_type=\"widget\" data-widget_type=\"heading.default\">\n\t\t\t\t<div class=\"elementor-widget-container\">\n\t\t\t\t\t<h2 class=\"elementor-heading-title elementor-size-default\">NETTOYAGE EXTERNE<\/h2>\t\t\t\t<\/div>\n\t\t\t\t<\/div>\n\t\t\t\t<div class=\"elementor-element elementor-element-681825d elementor-widget-mobile__width-initial elementor-widget elementor-widget-text-editor\" data-id=\"681825d\" data-element_type=\"widget\" data-widget_type=\"text-editor.default\">\n\t\t\t\t<div class=\"elementor-widget-container\">\n\t\t\t\t\t\t\t\t\t<p>Nettoyage complet de l&rsquo;exterieur de votre ordinateur<\/p>\t\t\t\t\t\t\t\t<\/div>\n\t\t\t\t<\/div>\n\t\t\t\t<\/div>\n\t\t<div class=\"elementor-element elementor-element-e815bcd e-con-full e-flex e-con e-child\" data-id=\"e815bcd\" data-element_type=\"container\" data-settings=\"{&quot;background_background&quot;:&quot;classic&quot;}\">\n\t\t\t\t<div class=\"elementor-element elementor-element-c51de88 elementor-widget__width-initial elementor-widget elementor-widget-text-editor\" data-id=\"c51de88\" data-element_type=\"widget\" data-widget_type=\"text-editor.default\">\n\t\t\t\t<div class=\"elementor-widget-container\">\n\t\t\t\t\t\t\t\t\t<p><strong>10\u20ac<\/strong><\/p>\t\t\t\t\t\t\t\t<\/div>\n\t\t\t\t<\/div>\n\t\t\t\t<\/div>\n\t\t\t\t\t<\/div>\n\t\t\t\t<\/div>\n\t\t<div class=\"elementor-element elementor-element-07be9da e-flex e-con-boxed e-con e-parent\" data-id=\"07be9da\" data-element_type=\"container\">\n\t\t\t\t\t<div class=\"e-con-inner\">\n\t\t<div class=\"elementor-element elementor-element-da721d2 e-con-full e-flex e-con e-child\" data-id=\"da721d2\" data-element_type=\"container\" data-settings=\"{&quot;background_background&quot;:&quot;classic&quot;}\">\n\t\t\t\t<div class=\"elementor-element elementor-element-360d3fa elementor-widget-mobile__width-initial elementor-widget elementor-widget-heading\" data-id=\"360d3fa\" data-element_type=\"widget\" data-widget_type=\"heading.default\">\n\t\t\t\t<div class=\"elementor-widget-container\">\n\t\t\t\t\t<h2 class=\"elementor-heading-title elementor-size-default\">NETTOYAGE INTERNE RAPIDE - PC FIXE\u200b<\/h2>\t\t\t\t<\/div>\n\t\t\t\t<\/div>\n\t\t\t\t<div class=\"elementor-element elementor-element-e6b3ce1 elementor-widget-mobile__width-initial elementor-widget elementor-widget-text-editor\" data-id=\"e6b3ce1\" data-element_type=\"widget\" data-widget_type=\"text-editor.default\">\n\t\t\t\t<div class=\"elementor-widget-container\">\n\t\t\t\t\t\t\t\t\t<p>D\u00e9poussi\u00e9rage rapide de l&rsquo;int\u00e9rieur de votre tour<\/p>\t\t\t\t\t\t\t\t<\/div>\n\t\t\t\t<\/div>\n\t\t\t\t<\/div>\n\t\t<div class=\"elementor-element elementor-element-c7bd482 e-con-full e-flex e-con e-child\" data-id=\"c7bd482\" data-element_type=\"container\" data-settings=\"{&quot;background_background&quot;:&quot;classic&quot;}\">\n\t\t\t\t<div class=\"elementor-element elementor-element-eaad979 elementor-widget__width-initial elementor-widget elementor-widget-text-editor\" data-id=\"eaad979\" data-element_type=\"widget\" data-widget_type=\"text-editor.default\">\n\t\t\t\t<div class=\"elementor-widget-container\">\n\t\t\t\t\t\t\t\t\t<p><strong>15\u20ac<\/strong><\/p>\t\t\t\t\t\t\t\t<\/div>\n\t\t\t\t<\/div>\n\t\t\t\t<\/div>\n\t\t\t\t\t<\/div>\n\t\t\t\t<\/div>\n\t\t<div class=\"elementor-element elementor-element-4107165 e-flex e-con-boxed e-con e-parent\" data-id=\"4107165\" data-element_type=\"container\">\n\t\t\t\t\t<div class=\"e-con-inner\">\n\t\t<div class=\"elementor-element elementor-element-58452b2 e-con-full e-flex e-con e-child\" data-id=\"58452b2\" data-element_type=\"container\" data-settings=\"{&quot;background_background&quot;:&quot;classic&quot;}\">\n\t\t\t\t<div class=\"elementor-element elementor-element-d65e959 elementor-widget-mobile__width-initial elementor-widget elementor-widget-heading\" data-id=\"d65e959\" data-element_type=\"widget\" data-widget_type=\"heading.default\">\n\t\t\t\t<div class=\"elementor-widget-container\">\n\t\t\t\t\t<h2 class=\"elementor-heading-title elementor-size-default\">NETTOYAGE INTERNE COMPLET - PC FIXE<\/h2>\t\t\t\t<\/div>\n\t\t\t\t<\/div>\n\t\t\t\t<div class=\"elementor-element elementor-element-f546a6f elementor-widget-mobile__width-initial elementor-widget elementor-widget-text-editor\" data-id=\"f546a6f\" data-element_type=\"widget\" data-widget_type=\"text-editor.default\">\n\t\t\t\t<div class=\"elementor-widget-container\">\n\t\t\t\t\t\t\t\t\t<p>D\u00e9poussi\u00e9rage complet de votre ordinateur fixe avec d\u00e9montage des ventilateurs pour nettoyage et changement de la p\u00e2te thermique du processeur<\/p>\t\t\t\t\t\t\t\t<\/div>\n\t\t\t\t<\/div>\n\t\t\t\t<\/div>\n\t\t<div class=\"elementor-element elementor-element-8f08bb5 e-con-full e-flex e-con e-child\" data-id=\"8f08bb5\" data-element_type=\"container\" data-settings=\"{&quot;background_background&quot;:&quot;classic&quot;}\">\n\t\t\t\t<div class=\"elementor-element elementor-element-afd1dba elementor-widget__width-initial elementor-widget elementor-widget-text-editor\" data-id=\"afd1dba\" data-element_type=\"widget\" data-widget_type=\"text-editor.default\">\n\t\t\t\t<div class=\"elementor-widget-container\">\n\t\t\t\t\t\t\t\t\t<p><strong>50\u20ac<\/strong><\/p>\t\t\t\t\t\t\t\t<\/div>\n\t\t\t\t<\/div>\n\t\t\t\t<\/div>\n\t\t\t\t\t<\/div>\n\t\t\t\t<\/div>\n\t\t<div class=\"elementor-element elementor-element-51e650d e-flex e-con-boxed e-con e-parent\" data-id=\"51e650d\" data-element_type=\"container\">\n\t\t\t\t\t<div class=\"e-con-inner\">\n\t\t<div class=\"elementor-element elementor-element-c1153da e-con-full e-flex e-con e-child\" data-id=\"c1153da\" data-element_type=\"container\" data-settings=\"{&quot;background_background&quot;:&quot;classic&quot;}\">\n\t\t\t\t<div class=\"elementor-element elementor-element-7e0323c elementor-widget-mobile__width-initial elementor-widget elementor-widget-heading\" data-id=\"7e0323c\" data-element_type=\"widget\" data-widget_type=\"heading.default\">\n\t\t\t\t<div class=\"elementor-widget-container\">\n\t\t\t\t\t<h2 class=\"elementor-heading-title elementor-size-default\">NETTOYAGE COMPLET<\/h2>\t\t\t\t<\/div>\n\t\t\t\t<\/div>\n\t\t\t\t<div class=\"elementor-element elementor-element-6a75a3a elementor-widget-mobile__width-initial elementor-widget elementor-widget-text-editor\" data-id=\"6a75a3a\" data-element_type=\"widget\" data-widget_type=\"text-editor.default\">\n\t\t\t\t<div class=\"elementor-widget-container\">\n\t\t\t\t\t\t\t\t\t<p>D\u00e9poussi\u00e9rage complet de votre ordinateur portable avec d\u00e9montage des ventilateurs pour nettoyage et changement de la p\u00e2te thermique du processeur ainsi que de la partie graphique si pr\u00e9sente<\/p>\t\t\t\t\t\t\t\t<\/div>\n\t\t\t\t<\/div>\n\t\t\t\t<\/div>\n\t\t<div class=\"elementor-element elementor-element-d1f6b38 e-con-full e-flex e-con e-child\" data-id=\"d1f6b38\" data-element_type=\"container\" data-settings=\"{&quot;background_background&quot;:&quot;classic&quot;}\">\n\t\t\t\t<div class=\"elementor-element elementor-element-230bf53 elementor-widget__width-initial elementor-widget elementor-widget-text-editor\" data-id=\"230bf53\" data-element_type=\"widget\" data-widget_type=\"text-editor.default\">\n\t\t\t\t<div class=\"elementor-widget-container\">\n\t\t\t\t\t\t\t\t\t<p><strong>80\u20ac<\/strong><\/p>\t\t\t\t\t\t\t\t<\/div>\n\t\t\t\t<\/div>\n\t\t\t\t<\/div>\n\t\t\t\t\t<\/div>\n\t\t\t\t<\/div>\n\t\t<div class=\"elementor-element elementor-element-4bf7aa5 e-flex e-con-boxed e-con e-parent\" data-id=\"4bf7aa5\" data-element_type=\"container\">\n\t\t\t\t\t<div class=\"e-con-inner\">\n\t\t<div class=\"elementor-element elementor-element-cbab560 e-con-full e-flex e-con e-child\" data-id=\"cbab560\" data-element_type=\"container\" data-settings=\"{&quot;background_background&quot;:&quot;classic&quot;}\">\n\t\t\t\t<div class=\"elementor-element elementor-element-a09ec24 elementor-widget-mobile__width-initial elementor-widget elementor-widget-heading\" data-id=\"a09ec24\" data-element_type=\"widget\" data-widget_type=\"heading.default\">\n\t\t\t\t<div class=\"elementor-widget-container\">\n\t\t\t\t\t<h2 class=\"elementor-heading-title elementor-size-default\">NETTOYAGE OS<\/h2>\t\t\t\t<\/div>\n\t\t\t\t<\/div>\n\t\t\t\t<div class=\"elementor-element elementor-element-a09bfb9 elementor-widget-mobile__width-initial elementor-widget elementor-widget-text-editor\" data-id=\"a09bfb9\" data-element_type=\"widget\" data-widget_type=\"text-editor.default\">\n\t\t\t\t<div class=\"elementor-widget-container\">\n\t\t\t\t\t\t\t\t\t<p>Un nettoyage de votre syst\u00e8me et un scan \u00e0 la recherche de virus<\/p>\t\t\t\t\t\t\t\t<\/div>\n\t\t\t\t<\/div>\n\t\t\t\t<\/div>\n\t\t<div class=\"elementor-element elementor-element-fb2c9df e-con-full e-flex e-con e-child\" data-id=\"fb2c9df\" data-element_type=\"container\" data-settings=\"{&quot;background_background&quot;:&quot;classic&quot;}\">\n\t\t\t\t<div class=\"elementor-element elementor-element-fe94074 elementor-widget__width-initial elementor-widget elementor-widget-text-editor\" data-id=\"fe94074\" data-element_type=\"widget\" data-widget_type=\"text-editor.default\">\n\t\t\t\t<div class=\"elementor-widget-container\">\n\t\t\t\t\t\t\t\t\t<p><strong>50\u20ac<\/strong><\/p>\t\t\t\t\t\t\t\t<\/div>\n\t\t\t\t<\/div>\n\t\t\t\t<\/div>\n\t\t\t\t\t<\/div>\n\t\t\t\t<\/div>\n\t\t\t\t<\/div>\n\t\t","protected":false},"excerpt":{"rendered":"<p>NETTOYAGE NETTOYAGE EXTERNE Nettoyage complet de l&rsquo;exterieur de votre ordinateur 10\u20ac NETTOYAGE INTERNE RAPIDE &#8211; PC FIXE\u200b D\u00e9poussi\u00e9rage rapide de l&rsquo;int\u00e9rieur de votre tour 15\u20ac NETTOYAGE INTERNE COMPLET &#8211; PC FIXE D\u00e9poussi\u00e9rage complet de votre ordinateur fixe avec d\u00e9montage des ventilateurs pour nettoyage et changement de la p\u00e2te thermique du processeur 50\u20ac NETTOYAGE COMPLET D\u00e9poussi\u00e9rage&hellip;&nbsp;<a href=\"https:\/\/reparinfo.fr\/?page_id=580\" rel=\"bookmark\">Lire la suite &raquo;<span class=\"screen-reader-text\">Tarifs &#8211; Nettoyage<\/span><\/a><\/p>\n","protected":false},"author":1,"featured_media":0,"parent":0,"menu_order":0,"comment_status":"closed","ping_status":"closed","template":"page-templates\/template-pagebuilder-full-width.php","meta":{"_monsterinsights_skip_tracking":false,"_monsterinsights_sitenote_active":false,"_monsterinsights_sitenote_note":"","_monsterinsights_sitenote_category":0,"_uf_show_specific_survey":0,"_uf_disable_surveys":false,"neve_meta_sidebar":"","neve_meta_container":"","neve_meta_enable_content_width":"","neve_meta_content_width":0,"neve_meta_title_alignment":"","neve_meta_author_avatar":"","neve_post_elements_order":"","neve_meta_disable_header":"","neve_meta_disable_footer":"","neve_meta_disable_title":"","footnotes":""},"class_list":["post-580","page","type-page","status-publish","hentry"],"_links":{"self":[{"href":"https:\/\/reparinfo.fr\/index.php?rest_route=\/wp\/v2\/pages\/580","targetHints":{"allow":["GET"]}}],"collection":[{"href":"https:\/\/reparinfo.fr\/index.php?rest_route=\/wp\/v2\/pages"}],"about":[{"href":"https:\/\/reparinfo.fr\/index.php?rest_route=\/wp\/v2\/types\/page"}],"author":[{"embeddable":true,"href":"https:\/\/reparinfo.fr\/index.php?rest_route=\/wp\/v2\/users\/1"}],"replies":[{"embeddable":true,"href":"https:\/\/reparinfo.fr\/index.php?rest_route=%2Fwp%2Fv2%2Fcomments&post=580"}],"version-history":[{"count":19,"href":"https:\/\/reparinfo.fr\/index.php?rest_route=\/wp\/v2\/pages\/580\/revisions"}],"predecessor-version":[{"id":840,"href":"https:\/\/reparinfo.fr\/index.php?rest_route=\/wp\/v2\/pages\/580\/revisions\/840"}],"wp:attachment":[{"href":"https:\/\/reparinfo.fr\/index.php?rest_route=%2Fwp%2Fv2%2Fmedia&parent=580"}],"curies":[{"name":"wp","href":"https:\/\/api.w.org\/{rel}","templated":true}]}}