{"id":142,"date":"2024-02-12T09:59:03","date_gmt":"2024-02-12T08:59:03","guid":{"rendered":"https:\/\/reparinfo.fr\/?page_id=142"},"modified":"2025-08-11T13:47:19","modified_gmt":"2025-08-11T11:47:19","slug":"a-propos","status":"publish","type":"page","link":"https:\/\/reparinfo.fr\/?page_id=142","title":{"rendered":"\u00c0 propos"},"content":{"rendered":"\t\t<div data-elementor-type=\"wp-page\" data-elementor-id=\"142\" class=\"elementor elementor-142\">\n\t\t\t\t<div class=\"elementor-element elementor-element-60e0435 e-flex e-con-boxed e-con e-parent\" data-id=\"60e0435\" data-element_type=\"container\">\n\t\t\t\t\t<div class=\"e-con-inner\">\n\t\t\t\t<div class=\"elementor-element elementor-element-e1e6fc3 elementor-widget elementor-widget-heading\" data-id=\"e1e6fc3\" data-element_type=\"widget\" data-widget_type=\"heading.default\">\n\t\t\t\t<div class=\"elementor-widget-container\">\n\t\t\t\t\t<h2 class=\"elementor-heading-title elementor-size-default\">\u00c0 PROPOS<\/h2>\t\t\t\t<\/div>\n\t\t\t\t<\/div>\n\t\t\t\t\t<\/div>\n\t\t\t\t<\/div>\n\t\t<div class=\"elementor-element elementor-element-c2374e5 e-flex e-con-boxed e-con e-parent\" data-id=\"c2374e5\" data-element_type=\"container\">\n\t\t\t\t\t<div class=\"e-con-inner\">\n\t\t<div class=\"elementor-element elementor-element-7bf0943 e-con-full e-flex e-con e-child\" data-id=\"7bf0943\" data-element_type=\"container\">\n\t\t\t\t<div class=\"elementor-element elementor-element-2d250e0 elementor-widget elementor-widget-image\" data-id=\"2d250e0\" data-element_type=\"widget\" data-widget_type=\"image.default\">\n\t\t\t\t<div class=\"elementor-widget-container\">\n\t\t\t\t\t\t\t\t\t\t\t\t\t\t\t<img decoding=\"async\" src=\"https:\/\/reparinfo.fr\/wp-content\/plugins\/elementor\/assets\/images\/placeholder.png\" title=\"\" alt=\"\" loading=\"lazy\" \/>\t\t\t\t\t\t\t\t\t\t\t\t\t\t\t<\/div>\n\t\t\t\t<\/div>\n\t\t\t\t<\/div>\n\t\t<div class=\"elementor-element elementor-element-a210d23 e-con-full e-flex e-con e-child\" data-id=\"a210d23\" data-element_type=\"container\" data-settings=\"{&quot;background_background&quot;:&quot;classic&quot;}\">\n\t\t\t\t<div class=\"elementor-element elementor-element-bd173a2 elementor-widget elementor-widget-heading\" data-id=\"bd173a2\" data-element_type=\"widget\" data-widget_type=\"heading.default\">\n\t\t\t\t<div class=\"elementor-widget-container\">\n\t\t\t\t\t<h2 class=\"elementor-heading-title elementor-size-default\">QUI SUIS-JE ?<\/h2>\t\t\t\t<\/div>\n\t\t\t\t<\/div>\n\t\t\t\t<div class=\"elementor-element elementor-element-aa4dd0d elementor-widget elementor-widget-text-editor\" data-id=\"aa4dd0d\" data-element_type=\"widget\" data-widget_type=\"text-editor.default\">\n\t\t\t\t<div class=\"elementor-widget-container\">\n\t\t\t\t\t\t\t\t\t<div style=\"text-align: justify;\">\n  <p data-start=\"169\" data-end=\"381\">Depuis mon enfance, la technologie et l\u2019informatique ont toujours \u00e9t\u00e9 une passion qui m\u2019anime profond\u00e9ment. Ce parcours m\u2019a naturellement conduit \u00e0 me sp\u00e9cialiser dans ce domaine \u00e0 travers des \u00e9tudes sup\u00e9rieures.<\/p>\n  <p data-start=\"743\" data-end=\"1128\">Cette activit\u00e9, je la poursuis par plaisir et conviction, en parall\u00e8le de mon emploi principal \u00e0 temps plein. Mon engagement est clair : proposer des solutions de r\u00e9paration et de personnalisation informatique de qualit\u00e9, tout en adoptant une d\u00e9marche \u00e9co-responsable. Je privil\u00e9gie la r\u00e9paration \u00e0 la consommation inutile, dans une logique durable respectueuse de notre environnement.<\/p>\n  <p data-start=\"1130\" data-end=\"1374\">Au c\u0153ur de ma d\u00e9marche, il y a la proximit\u00e9 avec mes clients et la volont\u00e9 de b\u00e2tir une relation de confiance durable. Mon objectif est de r\u00e9pondre efficacement \u00e0 vos besoins, avec des solutions adapt\u00e9es, fiables et respectueuses de la plan\u00e8te.<\/p>\n  <p data-start=\"1376\" data-end=\"1476\">Je vous invite \u00e0 d\u00e9couvrir cette passion et cet engagement qui animent chacune de mes interventions.<\/p>\n<\/div>\t\t\t\t\t\t\t\t<\/div>\n\t\t\t\t<\/div>\n\t\t\t\t<\/div>\n\t\t\t\t\t<\/div>\n\t\t\t\t<\/div>\n\t\t\t\t<\/div>\n\t\t","protected":false},"excerpt":{"rendered":"<p>\u00c0 PROPOS QUI SUIS-JE ? Depuis mon enfance, la technologie et l\u2019informatique ont toujours \u00e9t\u00e9 une passion qui m\u2019anime profond\u00e9ment. Ce parcours m\u2019a naturellement conduit \u00e0 me sp\u00e9cialiser dans ce domaine \u00e0 travers des \u00e9tudes sup\u00e9rieures. Cette activit\u00e9, je la poursuis par plaisir et conviction, en parall\u00e8le de mon emploi principal \u00e0 temps plein. Mon&hellip;&nbsp;<a href=\"https:\/\/reparinfo.fr\/?page_id=142\" rel=\"bookmark\">Lire la suite &raquo;<span class=\"screen-reader-text\">\u00c0 propos<\/span><\/a><\/p>\n","protected":false},"author":1,"featured_media":0,"parent":0,"menu_order":0,"comment_status":"closed","ping_status":"closed","template":"page-templates\/template-pagebuilder-full-width.php","meta":{"_monsterinsights_skip_tracking":false,"_monsterinsights_sitenote_active":false,"_monsterinsights_sitenote_note":"","_monsterinsights_sitenote_category":0,"_uf_show_specific_survey":0,"_uf_disable_surveys":false,"neve_meta_sidebar":"","neve_meta_container":"","neve_meta_enable_content_width":"","neve_meta_content_width":0,"neve_meta_title_alignment":"","neve_meta_author_avatar":"","neve_post_elements_order":"","neve_meta_disable_header":"","neve_meta_disable_footer":"","neve_meta_disable_title":"","footnotes":""},"class_list":["post-142","page","type-page","status-publish","hentry"],"_links":{"self":[{"href":"https:\/\/reparinfo.fr\/index.php?rest_route=\/wp\/v2\/pages\/142","targetHints":{"allow":["GET"]}}],"collection":[{"href":"https:\/\/reparinfo.fr\/index.php?rest_route=\/wp\/v2\/pages"}],"about":[{"href":"https:\/\/reparinfo.fr\/index.php?rest_route=\/wp\/v2\/types\/page"}],"author":[{"embeddable":true,"href":"https:\/\/reparinfo.fr\/index.php?rest_route=\/wp\/v2\/users\/1"}],"replies":[{"embeddable":true,"href":"https:\/\/reparinfo.fr\/index.php?rest_route=%2Fwp%2Fv2%2Fcomments&post=142"}],"version-history":[{"count":26,"href":"https:\/\/reparinfo.fr\/index.php?rest_route=\/wp\/v2\/pages\/142\/revisions"}],"predecessor-version":[{"id":975,"href":"https:\/\/reparinfo.fr\/index.php?rest_route=\/wp\/v2\/pages\/142\/revisions\/975"}],"wp:attachment":[{"href":"https:\/\/reparinfo.fr\/index.php?rest_route=%2Fwp%2Fv2%2Fmedia&parent=142"}],"curies":[{"name":"wp","href":"https:\/\/api.w.org\/{rel}","templated":true}]}}